{"id":873,"date":"2022-09-24T21:35:39","date_gmt":"2022-09-24T19:35:39","guid":{"rendered":"https:\/\/odvjetnikmiholjevic.com\/?page_id=873"},"modified":"2022-11-07T00:36:42","modified_gmt":"2022-11-06T22:36:42","slug":"terms-and-conditions","status":"publish","type":"page","link":"https:\/\/odvjetnikmiholjevic.com\/en\/terms-and-conditions\/","title":{"rendered":"Terms and conditions"},"content":{"rendered":"<div data-elementor-type=\"wp-page\" data-elementor-id=\"873\" class=\"elementor elementor-873\">\n\t\t\t\t\t\t<section class=\"elementor-section elementor-top-section elementor-element elementor-element-be8ba3e elementor-section-full_width elementor-section-height-default elementor-section-height-default\" data-id=\"be8ba3e\" data-element_type=\"section\" data-settings=\"{&quot;background_background&quot;:&quot;classic&quot;}\">\n\t\t\t\t\t\t<div class=\"elementor-container elementor-column-gap-default\">\n\t\t\t\t\t<div class=\"elementor-column elementor-col-100 elementor-top-column elementor-element elementor-element-320c8bf\" data-id=\"320c8bf\" data-element_type=\"column\">\n\t\t\t<div class=\"elementor-widget-wrap elementor-element-populated\">\n\t\t\t\t\t\t<div class=\"elementor-element elementor-element-18db6f9 elementor-widget elementor-widget-text-editor\" data-id=\"18db6f9\" data-element_type=\"widget\" data-widget_type=\"text-editor.default\">\n\t\t\t\t<div class=\"elementor-widget-container\">\n\t\t\t\t\t\t\t\t\t<p>\u00a0<\/p><p><strong>Odvjetnik Hrvoje Miholjevi\u0107<\/strong> pokrenuo je i ure\u0111uje web stranicu https:\/\/odvjetnikmiholjevic.com. Ovi uvjeti kori\u0161tenja odnose se na kori\u0161tenje web stranice.<\/p><p><strong>OP\u0106E ODREDBE<\/strong><\/p><ol><li>Smatra se da je korisnik u cijelosti upoznati s ovim uvjetima, da su mu jasni i da ih prihva\u0107a s prvim kori\u0161tenjem web stranice https:\/\/odvjetnikmiholjevic.com. Ukoliko korisnik nije suglasan s kori\u0161tenjem ovih uvjeta, ima pitanja ili nejasno\u0107e vezano za ove uvjete kori\u0161tenja, slobodno se mo\u017ee obratiti odvjetniku na kontakt naveden u Impressumu.<\/li><li>Izgled i sadr\u017eaj web stranice https:\/\/odvjetnikmiholjevic.com kao i uvjete kori\u0161tenja podlo\u017eni su izmjenama, stoga, korisnik je du\u017ean iste povremeno iznova prou\u010diti, kako bi\u00a0 se upoznao s mogu\u0107im promjenama. Smatrati \u0107e se da svako naknadno kori\u0161tenje web stranice\u00a0https:\/\/odvjetnikmiholjevic.com predstavlja korisnikov pristanak na sve eventualne izmjene uvjeta kori\u0161tenja.<\/li><li>Odvjetni\u010dki ured Hrvoje Mihljevi\u0107 ima sva prava na sadr\u017eaj web stranice https:\/\/odvjetnikmiholjevic.com. Nije dopu\u0161teno kori\u0161tenje bilo kojeg sadr\u017eaja s web stranice https:\/\/odvjetnikmiholjevic.com\u00a0bez prethodnog pisanog dopu\u0161tenja.<\/li><li>Nije dopu\u0161teno\u00a0 kori\u0161tenje sadr\u017eaja s portala https:\/\/odvjetnikmiholjevic.com u komercijalne svrhe, bez prethodne pisane suglasnosti vlasnika ove web stranice. Kori\u0161tenjem u komercijalne svrhe smatra se ostvarivanje nov\u010dane dobiti neposredno (prodajom, nu\u0111enjem i\/ili reklamiranjem sadr\u017eaja koji sadr\u017ee materijale objavljene na web stranici https:\/\/odvjetnikmiholjevic.com\u00a0i posredno (kori\u0161tenjem sadr\u017eaja na internetu na platformi gdje se objavljuju naplatni oglasi i sli\u010dno, gdje se prikupljaju donacije, pretplata ili naplata sadr\u017eaja i sli\u010dno).<\/li><li>Zabranjeno je bilo kakvo ometanje ili onemogu\u0107avanje kori\u0161tenja web stranice https:\/\/odvjetnikmiholjevic.com drugim korisnicima.<\/li><li>Na web stranici\u00a0 https:\/\/odvjetnikmiholjevic.com nije dopu\u0161teno svjesno objavljivanje, slanje, u\u010ditavanje i\/ili razmjenu sadr\u017eaja koji sadr\u017ee ra\u010dunalne viruse, crve, ra\u010dunalne kodove, datoteke i programe koji mogu imati za posljedicu ometanje, ograni\u010davanje rada ili uni\u0161tenje bilo kojeg ra\u010dunalnog programa ili bilo koje ra\u010dunalne i druge opreme.<\/li><li>Nije dopu\u0161teno neovla\u0161teno prikupljanje, spremanje, preno\u0161enje i kori\u0161tenje bilo kakvih osobnih podataka korisnika web stranice https:\/\/odvjetnikmiholjevic.com\/.<\/li><li>U slu\u010daju nepo\u0161tivanja odredbi o sadr\u017eajima i aktivnostima iz uvjeta kori\u0161tenja, svi korisnici i tre\u0107e osobe snosit \u0107e odgovaraju\u0107e zakonske posljedice te \u0107e odgovarati za bilo koju \u0161tetu koja se nedopu\u0161tenim aktivnostima prouzro\u010di odvjetniku, ostalim korisnicima ili tre\u0107im osobama.<\/li><\/ol><p><strong>PRAVO INTELEKTUALNOG VLASNI\u0160TVA<\/strong><\/p><p>Na web stranici\u00a0 https:\/\/odvjetnikiholjevic.com pojavljuju se materijali \u010diji je sadr\u017eaj za\u0161ti\u0107en autorskim pravom (npr. tekstovi, fotografije, crte\u017ei) i drugim pravima intelektualnog vlasni\u0161tva (logotipi, za\u0161titni znakovi i sl.).\u00a0<\/p><p>Svaki korisnik web stranice https:\/\/odvjetnikmiholjevic.com snosi vlastitu odgovornost za po\u0161tivanje tu\u0111eg autorskog prava i drugih prava intelektualnog vlasni\u0161tva koja se odnose na sadr\u017eaje dostupne na web stranici https:\/\/odvjetnikmiholjevic.com. Stoga korisnik je du\u017ean dobro se upoznati sa sadr\u017eajem ovog dijela uvjeta kori\u0161tenja kako bi u cijelosti po\u0161tivao tu\u0111a prava intelektualnog vlasni\u0161tva. U slu\u010daju bilo kakvih nejasno\u0107a ili nesporazuma, korisnik se mo\u017ee obratiti odvjetniku putem kontakta navedenog u Impressumu.\u00a0 Svaki sadr\u017eaj za\u0161ti\u0107en intelektualnim vlasni\u0161tvom korisnici mogu koristiti samo za osobnu, nekomercijalnu svrhu.<\/p><ol><li>Nije dopu\u0161teno:<\/li><\/ol><ul><li aria-level=\"1\">kori\u0161tenje sadr\u017eaja koji se nalaze na web stranici https:\/\/odvjetnikmiholjevic.com u komercijalne svrhe, \u0161to uklju\u010duje preuzimanje, reproduciranje, iznajmljivanje, distribuiranje, objavljivanje u javnosti, javno izlaganje i prikazivanje bez prethodnog pisanog odobrenja vlasnika,<\/li><\/ul><ul><li aria-level=\"1\">korisiti sadr\u017eaje koji se nalaze na web stranici https:\/\/odvjetnikmiholjevic.com u svrhe promocije, odnosno ogla\u0161avanja bilo kojeg proizvoda ili usluge bez prethodnog pisanog odobrenja vlasnika,<\/li><\/ul><ul><li aria-level=\"1\">koristiti sadr\u017eaje koji se nalaze na web stranici https:\/\/odvjetnikmiholjevic.com koriste svrhe prodaje bilo kojeg proizvoda ili usluge bez prethodnog pisanog odobrenja vlasnika,<\/li><\/ul><ul><li aria-level=\"1\">izmjenu, prevo\u0111enje, adaptaciju ili bilo koju drugu preradu sadr\u017eaja bez prethodnog pisanog odobrenja vlasnika.<\/li><\/ul><p>Odvjetnik \u0107e bez odga\u0111anja ispitati svaku prijavu koja je vezana za povredu iz ovog odjeljka, a osobito ako je njome zatra\u017eeno uklanjanje odre\u0111enog sadr\u017eaja sa web stranice https:\/\/odvjetnikmiholjevic.com. Od korisnika se u tom slu\u010daju o\u010dekuje maksimalna suradnja pri utvr\u0111ivanju \u010dinjenica. Ako se utvrdi da je prijavljeni postupak suprotan odredbama uvjeta kori\u0161tenja, ali i u drugim slu\u010dajevima u kojima se to poka\u017ee svrsishodnim, takav sadr\u017eaj \u0107e biti\u00a0 uklonjen s web stranice https:\/\/odvjetnikmiholjevic.com.<\/p><p>Kori\u0161tenjem web stranice https:\/\/odvjetnikmiholjevic.com korisnika se izri\u010dito upozorava da su na njoj nazivi, slike, fotografije, logotipi, grafi\u010dki prikazi i drugi sadr\u017eaji koji su za\u0161ti\u0107eni razli\u010ditim pravima intelektualnog vlasni\u0161tva \u010diji su nositelj Odvjetnik Hrvoje Miholjevi\u0107 ili tre\u0107e osobe.\u00a0<\/p><p>Korisnik, neovisno o\u00a0 kori\u0161tenju web stranice https:\/\/odvjetnikmiholjevic.com ne stje\u010de pravo kori\u0161tenja bilo kojeg autorskog djela, \u017eiga, dizajna, patenta (licence) ili drugog prava \u010diji su nositelji Odvjetnik Hrvoje Miholjevi\u0107, odnosno tre\u0107a osoba. To vrijedi i za bilo koje autorsko djelo koje se nalazi na web stranici https:\/\/odvjetnikmiholjevic.com, a koje je za\u0161ti\u0107eno autorskim pravom Odvjetnika Hrvoja Miholjev\u0107a ili tre\u0107e osobe, osim u slu\u010daju da je na pojedinom autorskom djelu izri\u010dito navedeno ne\u0161to drugo.<\/p><p>Neovisno o ranije navedenom, Odvjetnik Hrvoje Miholjevi\u0107 u sklopu svoje ure\u0111iva\u010dke politike mo\u017ee dopustiti korisnicima druge oblike kori\u0161tenja autorskih djela, kao \u0161to su tekstovi, fotografije ili video, na kojima je Odvjetnik nositelj autorskog prava. Na taj na\u010din korisnicima se mo\u017ee dati pravo prerade pojedinih djela odnosno pravo njihove daljnje distribucije, a \u0161to bi ina\u010de bilo zabranjeno u sklopu Op\u0107ih pravila iz prvog dijela Uvjeta kori\u0161tenja. Takva mogu\u0107nost kori\u0161tenja bit \u0107e izri\u010dito nagla\u0161ena i ni na koji se na\u010din ne\u0107e pretpostaviti.<\/p><p>\u00a0<\/p><p>\u00a0<\/p>\t\t\t\t\t\t\t\t<\/div>\n\t\t\t\t<\/div>\n\t\t\t\t\t<\/div>\n\t\t<\/div>\n\t\t\t\t\t<\/div>\n\t\t<\/section>\n\t\t\t\t<\/div>","protected":false},"excerpt":{"rendered":"<p>\u00a0 Odvjetnik Hrvoje Miholjevi\u0107 pokrenuo je i ure\u0111uje web stranicu https:\/\/odvjetnikmiholjevic.com. Ovi uvjeti kori\u0161tenja odnose se na kori\u0161tenje web stranice. OP\u0106E ODREDBE Smatra se da je korisnik u cijelosti upoznati s ovim uvjetima, da su mu jasni i da ih prihva\u0107a s prvim kori\u0161tenjem web stranice https:\/\/odvjetnikmiholjevic.com. Ukoliko korisnik nije suglasan s kori\u0161tenjem ovih uvjeta, [&hellip;]<\/p>","protected":false},"author":1,"featured_media":0,"parent":0,"menu_order":0,"comment_status":"closed","ping_status":"closed","template":"","meta":{"om_disable_all_campaigns":false,"_monsterinsights_skip_tracking":false,"_monsterinsights_sitenote_active":false,"_monsterinsights_sitenote_note":"","_monsterinsights_sitenote_category":0,"site-sidebar-layout":"no-sidebar","site-content-layout":"page-builder","ast-site-content-layout":"default","site-content-style":"default","site-sidebar-style":"default","ast-global-header-display":"","ast-banner-title-visibility":"","ast-main-header-display":"","ast-hfb-above-header-display":"","ast-hfb-below-header-display":"","ast-hfb-mobile-header-display":"","site-post-title":"disabled","ast-breadcrumbs-content":"","ast-featured-img":"disabled","footer-sml-layout":"","theme-transparent-header-meta":"","adv-header-id-meta":"","stick-header-meta":"","header-above-stick-meta":"","header-main-stick-meta":"","header-below-stick-meta":"","astra-migrate-meta-layouts":"default","ast-page-background-enabled":"default","ast-page-background-meta":{"desktop":{"background-color":"","background-image":"","background-repeat":"repeat","background-position":"center center","background-size":"auto","background-attachment":"scroll","background-type":"","background-media":"","overlay-type":"","overlay-color":"","overlay-opacity":"","overlay-gradient":""},"tablet":{"background-color":"","background-image":"","background-repeat":"repeat","background-position":"center center","background-size":"auto","background-attachment":"scroll","background-type":"","background-media":"","overlay-type":"","overlay-color":"","overlay-opacity":"","overlay-gradient":""},"mobile":{"background-color":"","background-image":"","background-repeat":"repeat","background-position":"center center","background-size":"auto","background-attachment":"scroll","background-type":"","background-media":"","overlay-type":"","overlay-color":"","overlay-opacity":"","overlay-gradient":""}},"ast-content-background-meta":{"desktop":{"background-color":"var(--ast-global-color-5)","background-image":"","background-repeat":"repeat","background-position":"center center","background-size":"auto","background-attachment":"scroll","background-type":"","background-media":"","overlay-type":"","overlay-color":"","overlay-opacity":"","overlay-gradient":""},"tablet":{"background-color":"var(--ast-global-color-5)","background-image":"","background-repeat":"repeat","background-position":"center center","background-size":"auto","background-attachment":"scroll","background-type":"","background-media":"","overlay-type":"","overlay-color":"","overlay-opacity":"","overlay-gradient":""},"mobile":{"background-color":"var(--ast-global-color-5)","background-image":"","background-repeat":"repeat","background-position":"center center","background-size":"auto","background-attachment":"scroll","background-type":"","background-media":"","overlay-type":"","overlay-color":"","overlay-opacity":"","overlay-gradient":""}},"footnotes":""},"class_list":["post-873","page","type-page","status-publish","hentry"],"aioseo_notices":[],"_links":{"self":[{"href":"https:\/\/odvjetnikmiholjevic.com\/en\/wp-json\/wp\/v2\/pages\/873","targetHints":{"allow":["GET"]}}],"collection":[{"href":"https:\/\/odvjetnikmiholjevic.com\/en\/wp-json\/wp\/v2\/pages"}],"about":[{"href":"https:\/\/odvjetnikmiholjevic.com\/en\/wp-json\/wp\/v2\/types\/page"}],"author":[{"embeddable":true,"href":"https:\/\/odvjetnikmiholjevic.com\/en\/wp-json\/wp\/v2\/users\/1"}],"replies":[{"embeddable":true,"href":"https:\/\/odvjetnikmiholjevic.com\/en\/wp-json\/wp\/v2\/comments?post=873"}],"version-history":[{"count":10,"href":"https:\/\/odvjetnikmiholjevic.com\/en\/wp-json\/wp\/v2\/pages\/873\/revisions"}],"predecessor-version":[{"id":1077,"href":"https:\/\/odvjetnikmiholjevic.com\/en\/wp-json\/wp\/v2\/pages\/873\/revisions\/1077"}],"wp:attachment":[{"href":"https:\/\/odvjetnikmiholjevic.com\/en\/wp-json\/wp\/v2\/media?parent=873"}],"curies":[{"name":"wp","href":"https:\/\/api.w.org\/{rel}","templated":true}]}}