{"id":31,"date":"2020-04-13T11:18:52","date_gmt":"2020-04-13T11:18:52","guid":{"rendered":"http:\/\/odvjetnikmiholjevic.com\/?page_id=31"},"modified":"2022-10-05T22:20:11","modified_gmt":"2022-10-05T20:20:11","slug":"about","status":"publish","type":"page","link":"https:\/\/odvjetnikmiholjevic.com\/en\/about\/","title":{"rendered":"About"},"content":{"rendered":"<div data-elementor-type=\"wp-page\" data-elementor-id=\"31\" class=\"elementor elementor-31\">\n\t\t\t\t\t\t<section class=\"elementor-section elementor-top-section elementor-element elementor-element-1ab6f31 elementor-section-full_width elementor-section-height-min-height elementor-section-height-default elementor-section-items-middle\" data-id=\"1ab6f31\" data-element_type=\"section\" data-settings=\"{&quot;background_background&quot;:&quot;classic&quot;}\">\n\t\t\t\t\t\t\t<div class=\"elementor-background-overlay\"><\/div>\n\t\t\t\t\t\t\t<div class=\"elementor-container elementor-column-gap-default\">\n\t\t\t\t\t<div class=\"elementor-column elementor-col-100 elementor-top-column elementor-element elementor-element-51f2dfd\" data-id=\"51f2dfd\" data-element_type=\"column\">\n\t\t\t<div class=\"elementor-widget-wrap elementor-element-populated\">\n\t\t\t\t\t\t<div class=\"elementor-element elementor-element-31fe327 htmega-title-align-center elementor-widget elementor-widget-section-title-addons\" data-id=\"31fe327\" data-element_type=\"widget\" data-widget_type=\"section-title-addons.default\">\n\t\t\t\t<div class=\"elementor-widget-container\">\n\t\t\t\t\t            <div class=\"htmega-31fe327 htmega-section-title htmega-subtitle-position- title-style-two  image-center\">\n                <h2 class=\"section-title-txt\">About<\/h2><div class=\"htmega-title-sperator-sec\"><span class=\"htmega-title-sperator\">&nbsp;<\/span><\/div>            <\/div>\n\n            \n        \t\t\t\t<\/div>\n\t\t\t\t<\/div>\n\t\t\t\t\t<\/div>\n\t\t<\/div>\n\t\t\t\t\t<\/div>\n\t\t<\/section>\n\t\t\t\t<section class=\"elementor-section elementor-top-section elementor-element elementor-element-923dee0 elementor-section-boxed elementor-section-height-default elementor-section-height-default\" data-id=\"923dee0\" data-element_type=\"section\">\n\t\t\t\t\t\t<div class=\"elementor-container elementor-column-gap-no\">\n\t\t\t\t\t<div class=\"elementor-column elementor-col-100 elementor-top-column elementor-element elementor-element-93ac936\" data-id=\"93ac936\" data-element_type=\"column\">\n\t\t\t<div class=\"elementor-widget-wrap elementor-element-populated\">\n\t\t\t\t\t\t<div class=\"elementor-element elementor-element-50cf527 elementor-widget elementor-widget-text-editor\" data-id=\"50cf527\" data-element_type=\"widget\" data-widget_type=\"text-editor.default\">\n\t\t\t\t<div class=\"elementor-widget-container\">\n\t\t\t\t\t\t\t\t\t<p>\u00a0<\/p><p>Attorney at law Hrvoje Miholjevi\u0107 graduated from the Faculty of Law at the University in Rijeka in 2017. He has started to work at a law office the very same year. He completed his traineeship and passed the bar exam in 2022 when he also started his own practice.<\/p><p>\u00a0<\/p>\t\t\t\t\t\t\t\t<\/div>\n\t\t\t\t<\/div>\n\t\t\t\t\t<\/div>\n\t\t<\/div>\n\t\t\t\t\t<\/div>\n\t\t<\/section>\n\t\t\t\t<section class=\"elementor-section elementor-top-section elementor-element elementor-element-a66c63b elementor-section-boxed elementor-section-height-default elementor-section-height-default\" data-id=\"a66c63b\" data-element_type=\"section\">\n\t\t\t\t\t\t<div class=\"elementor-container elementor-column-gap-default\">\n\t\t\t\t\t<div class=\"elementor-column elementor-col-33 elementor-top-column elementor-element elementor-element-1df1821\" data-id=\"1df1821\" data-element_type=\"column\">\n\t\t\t<div class=\"elementor-widget-wrap elementor-element-populated\">\n\t\t\t\t\t\t<div class=\"elementor-element elementor-element-3022e4e elementor-widget elementor-widget-htmega-flipbox-addons\" data-id=\"3022e4e\" data-element_type=\"widget\" data-widget_type=\"htmega-flipbox-addons.default\">\n\t\t\t\t<div class=\"elementor-widget-container\">\n\t\t\t\t\t            \n            <div class=\"htmega-flip-box-area htmega-flip-box-style-1 htmega-flip-box-animation-top\">\n\n                <div class='htmega-flip-box-front'>\n                    <div class=\"front-container\">\n                                                                    <span class=\"flipbox-icon\"><i class=\"fas fa-map-marker\"><\/i><\/span><h2>Mission<\/h2>                                        <\/div>\n                    <div class=\"htmega-flip-overlay\"><\/div>\n                <\/div>\n\n                <div class='htmega-flip-box-back'>\n                    <div class=\"back-container\">\n                                            <h2>Mission<\/h2><p>The mission of the office is resolving legal troubles through expert practice and attention to detail with transparent communication and structured workflow. <\/p>\n                                            <\/div>\n                    <div class=\"htmega-flip-overlay\"><\/div>\n                <\/div>\n\n            <\/div>\n\n        \t\t\t\t<\/div>\n\t\t\t\t<\/div>\n\t\t\t\t\t<\/div>\n\t\t<\/div>\n\t\t\t\t<div class=\"elementor-column elementor-col-33 elementor-top-column elementor-element elementor-element-09ea9b4\" data-id=\"09ea9b4\" data-element_type=\"column\">\n\t\t\t<div class=\"elementor-widget-wrap elementor-element-populated\">\n\t\t\t\t\t\t<div class=\"elementor-element elementor-element-bd0fe47 elementor-widget elementor-widget-htmega-flipbox-addons\" data-id=\"bd0fe47\" data-element_type=\"widget\" data-widget_type=\"htmega-flipbox-addons.default\">\n\t\t\t\t<div class=\"elementor-widget-container\">\n\t\t\t\t\t            \n            <div class=\"htmega-flip-box-area htmega-flip-box-style-1 htmega-flip-box-animation-top\">\n\n                <div class='htmega-flip-box-front'>\n                    <div class=\"front-container\">\n                                                                    <span class=\"flipbox-icon\"><i class=\"fas fa-chart-line\"><\/i><\/span><h2>Vision<\/h2>                                        <\/div>\n                    <div class=\"htmega-flip-overlay\"><\/div>\n                <\/div>\n\n                <div class='htmega-flip-box-back'>\n                    <div class=\"back-container\">\n                                            <h2>Vision<\/h2><p>The office aims to secure your rights and property through proactive and coordinated approaches. <\/p>\n                                            <\/div>\n                    <div class=\"htmega-flip-overlay\"><\/div>\n                <\/div>\n\n            <\/div>\n\n        \t\t\t\t<\/div>\n\t\t\t\t<\/div>\n\t\t\t\t\t<\/div>\n\t\t<\/div>\n\t\t\t\t<div class=\"elementor-column elementor-col-33 elementor-top-column elementor-element elementor-element-d3ebbcd\" data-id=\"d3ebbcd\" data-element_type=\"column\">\n\t\t\t<div class=\"elementor-widget-wrap elementor-element-populated\">\n\t\t\t\t\t\t<div class=\"elementor-element elementor-element-2ea3b40 elementor-widget elementor-widget-htmega-flipbox-addons\" data-id=\"2ea3b40\" data-element_type=\"widget\" data-widget_type=\"htmega-flipbox-addons.default\">\n\t\t\t\t<div class=\"elementor-widget-container\">\n\t\t\t\t\t            \n            <div class=\"htmega-flip-box-area htmega-flip-box-style-1 htmega-flip-box-animation-top\">\n\n                <div class='htmega-flip-box-front'>\n                    <div class=\"front-container\">\n                                                                    <span class=\"flipbox-icon\"><i class=\"far fa-check-square\"><\/i><\/span><h2>Goals<\/h2>                                        <\/div>\n                    <div class=\"htmega-flip-overlay\"><\/div>\n                <\/div>\n\n                <div class='htmega-flip-box-back'>\n                    <div class=\"back-container\">\n                                            <h2>Goals<\/h2><p>The office goals are centered building a basis for timely and durable planning, transparent communication and a well-rounded approach.<\/p>\n                                            <\/div>\n                    <div class=\"htmega-flip-overlay\"><\/div>\n                <\/div>\n\n            <\/div>\n\n        \t\t\t\t<\/div>\n\t\t\t\t<\/div>\n\t\t\t\t\t<\/div>\n\t\t<\/div>\n\t\t\t\t\t<\/div>\n\t\t<\/section>\n\t\t\t\t<section class=\"elementor-section elementor-top-section elementor-element elementor-element-77b9545 elementor-section-boxed elementor-section-height-default elementor-section-height-default\" data-id=\"77b9545\" data-element_type=\"section\">\n\t\t\t\t\t\t<div class=\"elementor-container elementor-column-gap-default\">\n\t\t\t\t\t<div class=\"elementor-column elementor-col-100 elementor-top-column elementor-element elementor-element-cbb91b5\" data-id=\"cbb91b5\" data-element_type=\"column\">\n\t\t\t<div class=\"elementor-widget-wrap elementor-element-populated\">\n\t\t\t\t\t\t<div class=\"elementor-element elementor-element-0078bbd elementor-widget elementor-widget-spacer\" data-id=\"0078bbd\" data-element_type=\"widget\" data-widget_type=\"spacer.default\">\n\t\t\t\t<div class=\"elementor-widget-container\">\n\t\t\t\t\t\t\t<div class=\"elementor-spacer\">\n\t\t\t<div class=\"elementor-spacer-inner\"><\/div>\n\t\t<\/div>\n\t\t\t\t\t\t<\/div>\n\t\t\t\t<\/div>\n\t\t\t\t\t<\/div>\n\t\t<\/div>\n\t\t\t\t\t<\/div>\n\t\t<\/section>\n\t\t\t\t<section class=\"elementor-section elementor-top-section elementor-element elementor-element-5269e64 elementor-section-boxed elementor-section-height-default elementor-section-height-default\" data-id=\"5269e64\" data-element_type=\"section\">\n\t\t\t\t\t\t<div class=\"elementor-container elementor-column-gap-default\">\n\t\t\t\t\t<div class=\"elementor-column elementor-col-50 elementor-top-column elementor-element elementor-element-3673200\" data-id=\"3673200\" data-element_type=\"column\">\n\t\t\t<div class=\"elementor-widget-wrap elementor-element-populated\">\n\t\t\t\t\t\t<div class=\"elementor-element elementor-element-256ff69 elementor-widget elementor-widget-spacer\" data-id=\"256ff69\" data-element_type=\"widget\" data-widget_type=\"spacer.default\">\n\t\t\t\t<div class=\"elementor-widget-container\">\n\t\t\t\t\t\t\t<div class=\"elementor-spacer\">\n\t\t\t<div class=\"elementor-spacer-inner\"><\/div>\n\t\t<\/div>\n\t\t\t\t\t\t<\/div>\n\t\t\t\t<\/div>\n\t\t\t\t<div class=\"elementor-element elementor-element-dde4008 elementor-widget elementor-widget-heading\" data-id=\"dde4008\" data-element_type=\"widget\" data-widget_type=\"heading.default\">\n\t\t\t\t<div class=\"elementor-widget-container\">\n\t\t\t\t\t<h2 class=\"elementor-heading-title elementor-size-default\">Interest areas<\/h2>\t\t\t\t<\/div>\n\t\t\t\t<\/div>\n\t\t\t\t<div class=\"elementor-element elementor-element-4837ab1 elementor-widget elementor-widget-spacer\" data-id=\"4837ab1\" data-element_type=\"widget\" data-widget_type=\"spacer.default\">\n\t\t\t\t<div class=\"elementor-widget-container\">\n\t\t\t\t\t\t\t<div class=\"elementor-spacer\">\n\t\t\t<div class=\"elementor-spacer-inner\"><\/div>\n\t\t<\/div>\n\t\t\t\t\t\t<\/div>\n\t\t\t\t<\/div>\n\t\t\t\t<div class=\"elementor-element elementor-element-df8c747 elementor-widget elementor-widget-text-editor\" data-id=\"df8c747\" data-element_type=\"widget\" data-widget_type=\"text-editor.default\">\n\t\t\t\t<div class=\"elementor-widget-container\">\n\t\t\t\t\t\t\t\t\t<p>Expert legal help for you through practice and interest areas which are consistently improved upon.<\/p>\t\t\t\t\t\t\t\t<\/div>\n\t\t\t\t<\/div>\n\t\t\t\t\t<\/div>\n\t\t<\/div>\n\t\t\t\t<div class=\"elementor-column elementor-col-50 elementor-top-column elementor-element elementor-element-5024422\" data-id=\"5024422\" data-element_type=\"column\">\n\t\t\t<div class=\"elementor-widget-wrap elementor-element-populated\">\n\t\t\t\t\t\t<div class=\"elementor-element elementor-element-f94fc3b elementor-widget elementor-widget-spacer\" data-id=\"f94fc3b\" data-element_type=\"widget\" data-widget_type=\"spacer.default\">\n\t\t\t\t<div class=\"elementor-widget-container\">\n\t\t\t\t\t\t\t<div class=\"elementor-spacer\">\n\t\t\t<div class=\"elementor-spacer-inner\"><\/div>\n\t\t<\/div>\n\t\t\t\t\t\t<\/div>\n\t\t\t\t<\/div>\n\t\t\t\t<div class=\"elementor-element elementor-element-6dea234 elementor-widget elementor-widget-htmega-button-addons\" data-id=\"6dea234\" data-element_type=\"widget\" data-widget_type=\"htmega-button-addons.default\">\n\t\t\t\t<div class=\"elementor-widget-container\">\n\t\t\t\t\t<div class=\"htmega-button htmega-btn-style-1 htmega-btn-shadow-0\"><a href=\"\/en\/services\/\" class=\"htb-btn htmega-btn-size-sm htmega-btn-effect-0 elementor-animation-wobble-to-bottom-right\">About the services<\/a><\/div>\t\t\t\t<\/div>\n\t\t\t\t<\/div>\n\t\t\t\t\t<\/div>\n\t\t<\/div>\n\t\t\t\t\t<\/div>\n\t\t<\/section>\n\t\t\t\t<section class=\"elementor-section elementor-top-section elementor-element elementor-element-dfd5a5f elementor-section-boxed elementor-section-height-default elementor-section-height-default\" data-id=\"dfd5a5f\" data-element_type=\"section\">\n\t\t\t\t\t\t<div class=\"elementor-container elementor-column-gap-default\">\n\t\t\t\t\t<div class=\"elementor-column elementor-col-100 elementor-top-column elementor-element elementor-element-02c9844\" data-id=\"02c9844\" data-element_type=\"column\">\n\t\t\t<div class=\"elementor-widget-wrap\">\n\t\t\t\t\t\t\t<\/div>\n\t\t<\/div>\n\t\t\t\t\t<\/div>\n\t\t<\/section>\n\t\t\t\t<section class=\"elementor-section elementor-top-section elementor-element elementor-element-28e27e2 elementor-section-boxed elementor-section-height-default elementor-section-height-default\" data-id=\"28e27e2\" data-element_type=\"section\">\n\t\t\t\t\t\t<div class=\"elementor-container elementor-column-gap-default\">\n\t\t\t\t\t<div class=\"elementor-column elementor-col-100 elementor-top-column elementor-element elementor-element-7b4c001\" data-id=\"7b4c001\" data-element_type=\"column\">\n\t\t\t<div class=\"elementor-widget-wrap elementor-element-populated\">\n\t\t\t\t\t\t<div class=\"elementor-element elementor-element-d6d16a1 elementor-widget elementor-widget-spacer\" data-id=\"d6d16a1\" data-element_type=\"widget\" data-widget_type=\"spacer.default\">\n\t\t\t\t<div class=\"elementor-widget-container\">\n\t\t\t\t\t\t\t<div class=\"elementor-spacer\">\n\t\t\t<div class=\"elementor-spacer-inner\"><\/div>\n\t\t<\/div>\n\t\t\t\t\t\t<\/div>\n\t\t\t\t<\/div>\n\t\t\t\t\t<\/div>\n\t\t<\/div>\n\t\t\t\t\t<\/div>\n\t\t<\/section>\n\t\t\t\t<\/div>","protected":false},"excerpt":{"rendered":"<p>O uredu &nbsp; \u00a0 Odvjetnik Hrvoje Miholjevi\u0107 Pravni fakultet u Rijeci zavr\u0161io je 2017. godine. Iste godine kre\u0107e raditi na pravnim poslovima u odvjetni\u010dkom uredu. Vje\u017ebeni\u0161tvo i pravosudni ispit zavr\u0161ava i pola\u017ee 2022. godine te iste godine otvara svoj ured. \u00a0 Misija Misija Misija ureda je stru\u010dno i detaljno rije\u0161avanje pravnih problema kroz transparentno i [&hellip;]<\/p>","protected":false},"author":0,"featured_media":0,"parent":0,"menu_order":0,"comment_status":"closed","ping_status":"closed","template":"","meta":{"om_disable_all_campaigns":false,"_monsterinsights_skip_tracking":false,"_monsterinsights_sitenote_active":false,"_monsterinsights_sitenote_note":"","_monsterinsights_sitenote_category":0,"site-sidebar-layout":"no-sidebar","site-content-layout":"page-builder","ast-site-content-layout":"default","site-content-style":"default","site-sidebar-style":"default","ast-global-header-display":"","ast-banner-title-visibility":"","ast-main-header-display":"","ast-hfb-above-header-display":"","ast-hfb-below-header-display":"","ast-hfb-mobile-header-display":"","site-post-title":"disabled","ast-breadcrumbs-content":"","ast-featured-img":"","footer-sml-layout":"","theme-transparent-header-meta":"enabled","adv-header-id-meta":"","stick-header-meta":"","header-above-stick-meta":"","header-main-stick-meta":"","header-below-stick-meta":"","astra-migrate-meta-layouts":"default","ast-page-background-enabled":"default","ast-page-background-meta":{"desktop":{"background-color":"","background-image":"","background-repeat":"repeat","background-position":"center center","background-size":"auto","background-attachment":"scroll","background-type":"","background-media":"","overlay-type":"","overlay-color":"","overlay-opacity":"","overlay-gradient":""},"tablet":{"background-color":"","background-image":"","background-repeat":"repeat","background-position":"center center","background-size":"auto","background-attachment":"scroll","background-type":"","background-media":"","overlay-type":"","overlay-color":"","overlay-opacity":"","overlay-gradient":""},"mobile":{"background-color":"","background-image":"","background-repeat":"repeat","background-position":"center center","background-size":"auto","background-attachment":"scroll","background-type":"","background-media":"","overlay-type":"","overlay-color":"","overlay-opacity":"","overlay-gradient":""}},"ast-content-background-meta":{"desktop":{"background-color":"var(--ast-global-color-5)","background-image":"","background-repeat":"repeat","background-position":"center center","background-size":"auto","background-attachment":"scroll","background-type":"","background-media":"","overlay-type":"","overlay-color":"","overlay-opacity":"","overlay-gradient":""},"tablet":{"background-color":"var(--ast-global-color-5)","background-image":"","background-repeat":"repeat","background-position":"center center","background-size":"auto","background-attachment":"scroll","background-type":"","background-media":"","overlay-type":"","overlay-color":"","overlay-opacity":"","overlay-gradient":""},"mobile":{"background-color":"var(--ast-global-color-5)","background-image":"","background-repeat":"repeat","background-position":"center center","background-size":"auto","background-attachment":"scroll","background-type":"","background-media":"","overlay-type":"","overlay-color":"","overlay-opacity":"","overlay-gradient":""}},"footnotes":""},"class_list":["post-31","page","type-page","status-publish","hentry"],"aioseo_notices":[],"_links":{"self":[{"href":"https:\/\/odvjetnikmiholjevic.com\/en\/wp-json\/wp\/v2\/pages\/31","targetHints":{"allow":["GET"]}}],"collection":[{"href":"https:\/\/odvjetnikmiholjevic.com\/en\/wp-json\/wp\/v2\/pages"}],"about":[{"href":"https:\/\/odvjetnikmiholjevic.com\/en\/wp-json\/wp\/v2\/types\/page"}],"replies":[{"embeddable":true,"href":"https:\/\/odvjetnikmiholjevic.com\/en\/wp-json\/wp\/v2\/comments?post=31"}],"version-history":[{"count":73,"href":"https:\/\/odvjetnikmiholjevic.com\/en\/wp-json\/wp\/v2\/pages\/31\/revisions"}],"predecessor-version":[{"id":972,"href":"https:\/\/odvjetnikmiholjevic.com\/en\/wp-json\/wp\/v2\/pages\/31\/revisions\/972"}],"wp:attachment":[{"href":"https:\/\/odvjetnikmiholjevic.com\/en\/wp-json\/wp\/v2\/media?parent=31"}],"curies":[{"name":"wp","href":"https:\/\/api.w.org\/{rel}","templated":true}]}}